{"id":13491,"date":"2018-05-18T13:58:19","date_gmt":"2018-05-18T11:58:19","guid":{"rendered":"https:\/\/www.futureconcepts.de\/?page_id=13491"},"modified":"2025-04-05T19:45:52","modified_gmt":"2025-04-05T17:45:52","slug":"social-media-marketing","status":"publish","type":"page","link":"https:\/\/www.futureconcepts.de\/en\/social-media-marketing\/","title":{"rendered":"Social Media Marketing"},"content":{"rendered":"<h1 data-start=\"480\" data-end=\"584\"><strong data-start=\"483\" data-end=\"584\">Ihre Marke, Ihr Projekt, Ihr Unternehmen \u2013 authentisch und strategisch in den sozialen Netzwerken<\/strong><\/h1>\n<p data-start=\"586\" data-end=\"961\"><a href=\"https:\/\/www.futureconcepts.de\/wp-content\/uploads\/2025\/04\/0983-Christa-Jaeger-Schroedl-kl.jpg\"><img decoding=\"async\" loading=\"lazy\" class=\"wp-image-16935 alignleft\" src=\"https:\/\/www.futureconcepts.de\/wp-content\/uploads\/2025\/04\/0983-Christa-Jaeger-Schroedl-kl.jpg\" alt=\"\" width=\"220\" height=\"306\" srcset=\"https:\/\/www.futureconcepts.de\/wp-content\/uploads\/2025\/04\/0983-Christa-Jaeger-Schroedl-kl.jpg 920w, https:\/\/www.futureconcepts.de\/wp-content\/uploads\/2025\/04\/0983-Christa-Jaeger-Schroedl-kl-216x300.jpg 216w, https:\/\/www.futureconcepts.de\/wp-content\/uploads\/2025\/04\/0983-Christa-Jaeger-Schroedl-kl-736x1024.jpg 736w, https:\/\/www.futureconcepts.de\/wp-content\/uploads\/2025\/04\/0983-Christa-Jaeger-Schroedl-kl-768x1069.jpg 768w, https:\/\/www.futureconcepts.de\/wp-content\/uploads\/2025\/04\/0983-Christa-Jaeger-Schroedl-kl-600x835.jpg 600w\" sizes=\"(max-width: 220px) 100vw, 220px\" \/><\/a>Social Media ist mehr als nur Posten. Es geht darum, <strong data-start=\"639\" data-end=\"661\">echte Verbindungen<\/strong> zu Ihrer Zielgruppe aufzubauen und Ihre Markenbotschaft auf den richtigen Kan\u00e4len zu platzieren. Als erfahrene PR- und Social-Media-Expertin unterst\u00fctze ich kleine und mittelst\u00e4ndische Unternehmen dabei, ihre <strong data-start=\"871\" data-end=\"905\">Ziele authentisch zu erreichen<\/strong> \u2013 sei es auf Facebook, LinkedIn, Instagram oder TikTok.<\/p>\n<p data-start=\"963\" data-end=\"1253\"><strong data-start=\"963\" data-end=\"1014\">Social Media Marketing ist keine Einbahnstra\u00dfe.<\/strong> Es erfordert eine <strong data-start=\"1033\" data-end=\"1066\">strategische Herangehensweise<\/strong>, Ausdauer und ein tiefes Verst\u00e4ndnis f\u00fcr die Bed\u00fcrfnisse Ihrer Community. Gemeinsam entwickeln wir eine <strong data-start=\"1171\" data-end=\"1198\">kommunikative Strategie<\/strong>, die Ihre Zielgruppe begeistert und Ihre Marke st\u00e4rkt.<\/p>\n<h3 data-start=\"1255\" data-end=\"1291\"><strong data-start=\"1259\" data-end=\"1291\">Was wir gemeinsam erreichen:<\/strong><\/h3>\n<ul data-start=\"1293\" data-end=\"1758\">\n<li data-start=\"1293\" data-end=\"1418\"><strong data-start=\"1295\" data-end=\"1320\">Strategische Planung:<\/strong> Wir h\u00f6ren genau hin und \u00fcbersetzen die Impulse Ihrer Kunden in <strong data-start=\"1384\" data-end=\"1395\">Content<\/strong>, der wirklich ankommt.<\/li>\n<li data-start=\"1419\" data-end=\"1557\"><strong data-start=\"1421\" data-end=\"1443\">Plattform-Auswahl:<\/strong> Wir w\u00e4hlen gezielt die richtigen Kan\u00e4le aus, um Ihre <strong data-start=\"1497\" data-end=\"1557\">Botschaften authentisch und zielgerichtet zu platzieren.<\/strong><\/li>\n<li data-start=\"1558\" data-end=\"1758\"><strong data-start=\"1560\" data-end=\"1591\">Profis hinter den Kulissen:<\/strong> Unsere erfahrene <strong data-start=\"1609\" data-end=\"1629\">Online-Redaktion<\/strong> sorgt f\u00fcr die kontinuierliche Pflege Ihrer Profile und steht Ihnen bei Bedarf f\u00fcr <strong data-start=\"1712\" data-end=\"1747\">Schulungen und Krisenmanagement<\/strong> zur Seite.<\/li>\n<\/ul>\n<h3 data-start=\"1760\" data-end=\"1820\"><strong data-start=\"1764\" data-end=\"1820\">SEO \u2013 Sichtbarkeit f\u00fcr Ihre Marke, immer und \u00fcberall<\/strong><\/h3>\n<p data-start=\"1822\" data-end=\"2029\">Erfolgreiches Social Media-Marketing geht Hand in Hand mit einer <strong data-start=\"1887\" data-end=\"1912\">starken SEO-Strategie<\/strong>. Wir sorgen daf\u00fcr, dass Ihre Marke nicht nur auf sozialen Netzwerken, sondern auch bei Google &#038; Co. sichtbar bleibt.<\/p>\n<p data-start=\"2031\" data-end=\"2067\">Unser ganzheitlicher Ansatz umfasst:<\/p>\n<ul data-start=\"2069\" data-end=\"2282\">\n<li data-start=\"2069\" data-end=\"2146\"><strong data-start=\"2071\" data-end=\"2094\">Content-Optimierung<\/strong> mit Fokus auf semantische und kommunikative St\u00e4rken<\/li>\n<li data-start=\"2147\" data-end=\"2212\"><strong data-start=\"2149\" data-end=\"2182\">Technische SEO-Verbesserungen<\/strong> f\u00fcr eine perfekte Performance<\/li>\n<li data-start=\"2213\" data-end=\"2282\"><strong data-start=\"2215\" data-end=\"2236\">OffPage-Ma\u00dfnahmen<\/strong> zur Steigerung Ihrer Reichweite und Autorit\u00e4t<\/li>\n<\/ul>\n<h3 data-start=\"2284\" data-end=\"2309\"><strong data-start=\"2288\" data-end=\"2307\">Der Startpunkt:<\/strong><\/h3>\n<p data-start=\"2310\" data-end=\"2541\">Zun\u00e4chst analysieren wir Ihre <strong data-start=\"2340\" data-end=\"2351\">Website<\/strong>, Ihre <strong data-start=\"2358\" data-end=\"2372\">Zielgruppe<\/strong> und die bestehenden Technologien. Auf dieser Grundlage entwickeln wir eine ma\u00dfgeschneiderte Strategie, die sowohl kurzfristige als auch langfristige Ergebnisse liefert.<\/p>\n<p data-start=\"2543\" data-end=\"2672\"><strong data-start=\"2543\" data-end=\"2672\">Lassen Sie uns gemeinsam Ihre Social Media-Kommunikation optimieren \u2013 f\u00fcr mehr Reichweite, mehr Sichtbarkeit und mehr Erfolg.<\/strong><\/p>\n<h2>Preise Social Media<\/h2>\n<h3>Social Media Beratung \/ Strategieentwicklung<\/h3>\n<ul>\n<li>Strategische Social Media Planung: 490\u202f\u20ac<\/li>\n<li>Social Media Audit (Analyse der bestehenden Kan\u00e4le und Content-Strategie): 350\u202f\u20ac<\/li>\n<\/ul>\n<h3>Content Creation &#038; Community Management<\/h3>\n<ul>\n<li>W\u00f6chentliche Content-Erstellung (inkl. Posts, Grafiken, Storys): 650\u202f\u20ac\/Monat<\/li>\n<li>Community Management (Antworten, Interaktion): 350\u202f\u20ac\/Monat<\/li>\n<\/ul>\n<h3>Social Media SEO und Performance-Optimierung<\/h3>\n<ul>\n<li>SEO-Optimierung f\u00fcr Social Media Profile: 390\u202f\u20ac<\/li>\n<\/ul>\n<h3>Coaching\/Schulung<\/h3>\n<ul>\n<li>Coaching Social Media f\u00fcr Einsteiger: ab 490\u202f\u20ac<\/li>\n<li>Coaching Social Media f\u00fcr Fortgeschrittene: ab 690\u202f\u20ac<\/li>\n<\/ul>\n<p style=\"font-size:9px !important;\">Alle Preise netto zzgl. Umsatzsteuer<\/p>\n<p><strong >Qualit\u00e4t, die wirkt \u2013 und das zu fairen Preisen.<\/strong><\/p>\n","protected":false},"excerpt":{"rendered":"<p>Ihre Marke, Ihr Projekt, Ihr Unternehmen \u2013 authentisch und strategisch in den sozialen Netzwerken Social Media ist mehr als nur Posten. Es geht darum, echte Verbindungen zu Ihrer Zielgruppe aufzubauen.. <a href=\"https:\/\/www.futureconcepts.de\/en\/social-media-marketing\/\" class=\"readmore\">mehr&#8230;<\/a><\/p>\n","protected":false},"author":8,"featured_media":0,"parent":0,"menu_order":0,"comment_status":"closed","ping_status":"closed","template":"page-fullwidth.php","meta":{"_exactmetrics_skip_tracking":false,"_exactmetrics_sitenote_active":false,"_exactmetrics_sitenote_note":"","_exactmetrics_sitenote_category":0},"translation":{"provider":"WPGlobus","version":"3.0.0","language":"en","enabled_languages":["de","en"],"languages":{"de":{"title":true,"content":true,"excerpt":false},"en":{"title":false,"content":false,"excerpt":false}}},"acf":[],"_links":{"self":[{"href":"https:\/\/www.futureconcepts.de\/en\/wp-json\/wp\/v2\/pages\/13491"}],"collection":[{"href":"https:\/\/www.futureconcepts.de\/en\/wp-json\/wp\/v2\/pages"}],"about":[{"href":"https:\/\/www.futureconcepts.de\/en\/wp-json\/wp\/v2\/types\/page"}],"author":[{"embeddable":true,"href":"https:\/\/www.futureconcepts.de\/en\/wp-json\/wp\/v2\/users\/8"}],"replies":[{"embeddable":true,"href":"https:\/\/www.futureconcepts.de\/en\/wp-json\/wp\/v2\/comments?post=13491"}],"version-history":[{"count":20,"href":"https:\/\/www.futureconcepts.de\/en\/wp-json\/wp\/v2\/pages\/13491\/revisions"}],"predecessor-version":[{"id":16978,"href":"https:\/\/www.futureconcepts.de\/en\/wp-json\/wp\/v2\/pages\/13491\/revisions\/16978"}],"wp:attachment":[{"href":"https:\/\/www.futureconcepts.de\/en\/wp-json\/wp\/v2\/media?parent=13491"}],"curies":[{"name":"wp","href":"https:\/\/api.w.org\/{rel}","templated":true}]}}