{"id":2160,"date":"2013-10-09T12:19:53","date_gmt":"2013-10-09T10:19:53","guid":{"rendered":"http:\/\/www.futureconcepts.de\/?page_id=2160"},"modified":"2017-12-01T19:37:35","modified_gmt":"2017-12-01T17:37:35","slug":"veroeffentlichungen-alt","status":"publish","type":"page","link":"https:\/\/www.futureconcepts.de\/en\/veroeffentlichungen-alt\/","title":{"rendered":"Ver\u00f6ffentlichungen"},"content":{"rendered":"\n<script type=\"text\/javascript\">\n$(document).ready(function() {\n    \n    $('#flex_slider_2147').flexslider({\n          animation: \"fade\",\n          directionNav : false,\n          controlNav: false,\n          slideshowSpeed: 3000\n    });\n\t\n});\n<\/script>\n<div id=\"flex_slider_2147\" class=\"flexslider inpageslider\"><ul class=\"slides\"><li><img src=\"\/wp-content\/uploads\/2013\/12\/teaser_slider_1.jpg\" title=\"\" alt=\"\" \/><\/li><li><img src=\"\/wp-content\/uploads\/2013\/10\/teaser_slider_2.jpg\" title=\"\" alt=\"\" \/><\/li><li><img src=\"\/wp-content\/uploads\/2013\/10\/teaser_slider_3.jpg\" title=\"\" alt=\"\" \/><\/li><\/ul><\/div>\n<p>\u00a0<\/p>\n<p>Zur vollst\u00e4ndigen Ansicht der PDF Daten klicken Sie bitte auf den jeweiligen Punkt.<br \/>\nZur online Ansicht ben\u00f6tigen Sie den Adobe Acrobat Reader. Diesen k\u00f6nnen Sie kostenlos <span style=\"text-decoration: underline;\"><a href=\"http:\/\/get.adobe.com\/de\/reader\/\" target=\"_blank\">hier<\/a><\/span> downloaden.<\/p>\n<p><div class=\"one_third\">\n<strong>Erneuerbare Energien &#038; Wirtschaft<\/strong><\/p>\n<ul class=\"list arrow\">\n<li> <a href=\"\/wp-content\/uploads\/2013\/10\/2013-10-UDI-online-zeitung-das_Gute_an_der_Finanzkrise-.pdf\" target=\"_blank\">UDI: Online Zeitung: Das Gute an der Finanzkrise<\/a> <\/li>\n<li> <a href=\"\/wp-content\/uploads\/2013\/10\/2013-09-UDI-was_leistet_ein_Windrad_heute.pdf\" target=\"_blank\">UDI: Was leistet ein Windrad heute<\/a> <\/li>\n<li> <a href=\"\/wp-content\/uploads\/2013\/10\/2013-08-UDI-weltjournal-schafft_es_ein_Aussenseiter_aufs_Siegertreppchen.pdf\" target=\"_blank\">UDI: Weltjournal: Schafft es ein Au\u00dfenseiter auf&#8217;s Siegertreppchen?<\/a> <\/li>\n<li> <a href=\"\/wp-content\/uploads\/2013\/10\/2013-05-UDI-Opi-Erneuerbare_wieder_in_der_Diskussion.pdf\" target=\"_blank\">UDI: Opi: Erneuerbare wieder in der Diskussion<\/a> <\/li>\n<li> <a href=\"\/wp-content\/uploads\/2013\/10\/2013-02-UDI-Interview-gruenes_Geld_schreibt_schwarze_Zahlen.pdf\" target=\"_blank\">UDI: Interview: Gr\u00fcnes Geld schreibt schwarze Zahlen<\/a> <\/li>\n<li> <a href=\"\/wp-content\/uploads\/2013\/10\/2012-04UDI-Beteiligungsreport-Siegeszug_Zinspapiere.pdf\" target=\"_blank\">UDI: Beteiligungsreport: Siegeszug Zinspapiere<\/a> <\/li>\n<li> <a href=\"\/wp-content\/uploads\/2013\/10\/2012-04-Sunworx-windkraft-journal-Die_Sonne_und_der_kleine_Mann_setzen_den_rentablen_Sonnenstrom_um.pdf\" target=\"_blank\">Sunworx: Windkraft Journal: Die Sonne und der kleine Mann setzen den rentablen Sonnenstrom um<\/a> <\/li>\n<li> <a href=\"\/wp-content\/uploads\/2013\/10\/2010-Sunworx-tagblatt_straubing-Haertetest_fuer_Photovoltaik.pdf\" target=\"_blank\">Sunworx: Tagblatt Straubing: H\u00e4rtetest f\u00fcr Photovoltaik<\/a> <\/li>\n<li> <a href=\"\/wp-content\/uploads\/2013\/10\/2010-07-UDI-Asset-Avenue-Gute_Renditen_aus_Mist_und_Mais.pdf\" target=\"_blank\">UDI: Asset Avenue: Gute Renditen aus Mist und Mais<\/a> <\/li>\n<\/ul>\n<\/div>\n<p><!-- ++++++++++++++++++++++++++++++++++++++++++++ --><\/p>\n<p><div class=\"one_third\">\n<strong>Gesundheit &#038; Bio<\/strong><\/p>\n<ul class=\"list arrow\">\n<li> <a href=\"\/wp-content\/uploads\/2014\/08\/praxismagazin_7_8_2014_ruffmann.pdf\" target=\"_blank\">Dr. Ruffmann: Praxis Magazin: Durchblutungsst\u00f6rungen &#8211; die Volkskrankheit Nr. 1<\/a> <\/li>\n<li> <a href=\"\/wp-content\/uploads\/2013\/12\/paracelsus-3.pdf\" target=\"_blank\">Airnergy: Paracelsus: Highlight f\u00fcr die Hausapotheke<\/a> <\/li>\n<li> <a href=\"\/wp-content\/uploads\/2013\/12\/Airnegy_BALANCE.pdf\">Airnergy: Balance: Airnergy &#8211; der mobile Luftkurort f\u00fcr zuhause. Spirovitaltherapie vitalisiert die Atemluft<\/a> <\/li>\n<li> <a href=\"\/wp-content\/uploads\/2013\/10\/2013-09-Airnergyy-ecoworld-Tief_durchatmen_Luftkurort_auf_05_m2.pdf\" target=\"_blank\">Airnergyy: Ecoworld: Tief durchatmen Luftkurort auf 0,5m<\/a> <\/li>\n<li> <a href=\"\/wp-content\/uploads\/2013\/10\/2013-09-Airnergy-onlinezeitung-Aus_der_Luft_gegriffen_aber_wirkungsvoll.pdf\" target=\"_blank\">Airnergy: Onlinezeitung: Aus der Luft gegriffen, aber wirkungsvoll<\/a> <\/li>\n<li> <a href=\"\/wp-content\/uploads\/2013\/10\/2013-06-Vitapark-fairnews-Hintern_hoch_und_auf_zum_Outdoor-Training.pdf\" target=\"_blank\">Vitapark: Fairnews: Hintern hoch und auf zum Outdoor-Training<\/a> <\/li>\n<li> <a href=\"\/wp-content\/uploads\/2013\/10\/2013-memon-salzburgerin-kostbares_Nass.pdf\" target=\"_blank\">Memon: Salzburgerin: Kostbares Nass<\/a> <\/li>\n<li> <a href=\"\/wp-content\/uploads\/2013\/10\/2013-memon-salzburgerin-FEINSTAUB_der_unsichtbare_Killer.pdf\" target=\"_blank\">Memon: Salzburgerin: Feinstaub, der unsichtbare Killer<\/a> <\/li>\n<li> <a href=\"\/wp-content\/uploads\/2013\/10\/2013-memon-ASV-Orhideal.pdf\" target=\"_blank\">Memon: \u00d6SV Orhideal<\/a> <\/li>\n<li> <a href=\"\/wp-content\/uploads\/2013\/10\/2013-07-memon-managersbc-Wichtiger_denn_je_Unternehmen_engagieren_sich.pdf\" target=\"_blank\">Memon: Managersbc: Wichtiger denn je, Unternehmen engagieren sich<\/a> <\/li>\n<li> <a href=\"\/wp-content\/uploads\/2013\/10\/2013-06-memon-tvanker-im_mittelalterlichen_San_Gabriele_setzt_man_auf_neueste_Biotechnologie.pdf\" target=\"_blank\">Memon: Tvanker im mittelalterlichen San Gabriele setzt man auf neueste Biotechnologie<\/a> <\/li>\n<li> <a href=\"\/wp-content\/uploads\/2013\/10\/2013-06-memon-Spatz-hat_Wasser_ein_Gedaechtnis.pdf\" target=\"_blank\">Memon: Spatz: Hat Wasser ein Ged\u00e4chtnis<\/a> <\/li>\n<li> <a href=\"\/wp-content\/uploads\/2013\/10\/2013-06-memon-Comed-Strahlen_unsere_Kinder.pdf\" target=\"_blank\">Memon: Comed: Strahlen unsere Kinder?<\/a> <\/li>\n<li> <a href=\"\/wp-content\/uploads\/2013\/10\/2012-10-memon-Spatz-endlich_wieder_ruhig_schlafen.pdf\" target=\"_blank\">Memon: Spatz: Endlich wieder ruhig schlafen<\/a> <\/li>\n<li> <a href=\"\/wp-content\/uploads\/2013\/10\/2012-06-memon-Spatz-ist_unser_Leitungswasser_trinkbar.pdf\" target=\"_blank\">Memon: Spatz: Ist unser Leitungswasser trinkbar?<\/a> <\/li>\n<\/ul>\n<\/div>\n<p><!-- ++++++++++++++++++++++++++++++++++++++++++++ --><\/p>\n<p><div class=\"one_third last\">\n<strong>Gesellschaft &#038; Allgemeines<\/strong><\/p>\n<ul class=\"list arrow\">\n<li> <a href=\"\/wp-content\/uploads\/2014\/09\/Forum_cjs_04_2014.pdf\" target=\"_blank\">Freie Schule Glonntal: Forum Nachhaltig Wirtschaften: Braucht das Land neue Schulen?<\/a> <\/li>\n<li> <a href=\"\/wp-content\/uploads\/2013\/10\/2013-09-Freie_Schule_Glonntal-glaubeaktuell-So_einfach_kann_Integration_gelingen.pdf\" target=\"_blank\">Freie Schule Glonntal: Glaubeaktuell: So einfach kann Integration gelingen<\/a> <\/li>\n<li> <a href=\"\/wp-content\/uploads\/2013\/10\/2013-08-Aton-Schule-weltjournal-Deutsche_Kids_sind_weniger_gluecklich.pdf\" target=\"_blank\">Aton Schule: Weltjournal: Deutsche Kids sind weniger gl\u00fccklich<\/a> <\/li>\n<li> <a href=\"\/wp-content\/uploads\/2013\/10\/2013-07-Freie-Schule-Glonntal-weltjournal-So_macht_Schule_Spass.pdf\" target=\"_blank\">Freie Schule Glonntal: Weltjournal: So macht Schule Spa\u00df<\/a> <\/li>\n<li> <a href=\"\/wp-content\/uploads\/2013\/10\/2013-07-Freie-Schule-Glonntal-DeafNewsMagazin-Abi_geschafft-Schulzeit_vorbei.pdf\" target=\"_blank\">Freie Schule Glonntal: DeafNewsMagazin: Abi geschafft, Schulzeit vorbei<\/a> <\/li>\n<li> <a href=\"\/wp-content\/uploads\/2013\/10\/2013-06-Aton-Schule-online-zeitung_Theatergruppe_der_Aton-Schule_auf_Sommertournee.pdf\" target=\"_blank\">Aton Schule: Online Zeitung: Theatergruppe der Aton Schule auf Sommertournee<\/a> <\/li>\n<\/ul>\n<\/div>\n<div class=\"clear\"><\/div>\n<\/p>\n<blockquote>\n<p><span style=\"color: #000000;\">Auch wenn ich auf Unternehmerseite schreibe, f\u00fchle ich mich dem journalistischen Ethos verpflichtet.<\/span><br \/>\n<span style=\"color: #000000;\"> Ich ver\u00f6ffentliche und verbreite nur Texte, hinter denen ich stehen kann.<\/span><br \/>\nChrista J\u00e4ger-Schr\u00f6dl<\/p>\n<\/blockquote>\n","protected":false},"excerpt":{"rendered":"<p>\u00a0 Zur vollst\u00e4ndigen Ansicht der PDF Daten klicken Sie bitte auf den jeweiligen Punkt. Zur online Ansicht ben\u00f6tigen Sie den Adobe Acrobat Reader. Diesen k\u00f6nnen Sie kostenlos hier downloaden. Erneuerbare.. <a href=\"https:\/\/www.futureconcepts.de\/en\/veroeffentlichungen-alt\/\" class=\"readmore\">mehr&#8230;<\/a><\/p>\n","protected":false},"author":1,"featured_media":0,"parent":0,"menu_order":0,"comment_status":"closed","ping_status":"closed","template":"page-fullwidth.php","meta":{"_exactmetrics_skip_tracking":false,"_exactmetrics_sitenote_active":false,"_exactmetrics_sitenote_note":"","_exactmetrics_sitenote_category":0},"translation":{"provider":"WPGlobus","version":"3.0.0","language":"en","enabled_languages":["de","en"],"languages":{"de":{"title":true,"content":true,"excerpt":false},"en":{"title":false,"content":false,"excerpt":false}}},"acf":[],"_links":{"self":[{"href":"https:\/\/www.futureconcepts.de\/en\/wp-json\/wp\/v2\/pages\/2160"}],"collection":[{"href":"https:\/\/www.futureconcepts.de\/en\/wp-json\/wp\/v2\/pages"}],"about":[{"href":"https:\/\/www.futureconcepts.de\/en\/wp-json\/wp\/v2\/types\/page"}],"author":[{"embeddable":true,"href":"https:\/\/www.futureconcepts.de\/en\/wp-json\/wp\/v2\/users\/1"}],"replies":[{"embeddable":true,"href":"https:\/\/www.futureconcepts.de\/en\/wp-json\/wp\/v2\/comments?post=2160"}],"version-history":[{"count":20,"href":"https:\/\/www.futureconcepts.de\/en\/wp-json\/wp\/v2\/pages\/2160\/revisions"}],"predecessor-version":[{"id":13490,"href":"https:\/\/www.futureconcepts.de\/en\/wp-json\/wp\/v2\/pages\/2160\/revisions\/13490"}],"wp:attachment":[{"href":"https:\/\/www.futureconcepts.de\/en\/wp-json\/wp\/v2\/media?parent=2160"}],"curies":[{"name":"wp","href":"https:\/\/api.w.org\/{rel}","templated":true}]}}